{"id":64,"date":"2025-06-17T09:30:56","date_gmt":"2025-06-17T09:30:56","guid":{"rendered":"https:\/\/beethovenwars.com\/?page_id=64"},"modified":"2025-07-24T13:06:25","modified_gmt":"2025-07-24T11:06:25","slug":"making-off","status":"publish","type":"page","link":"https:\/\/beethovenwars.com\/en\/making-off\/","title":{"rendered":"Making off"},"content":{"rendered":"<h1 class=\"wp-block-heading has-text-align-center .title { width : 120 px; }\" style=\"border-style:none;border-width:0px;border-radius:0px;margin-top:var(--wp--preset--spacing--50);margin-right:0;margin-bottom:var(--wp--preset--spacing--50);margin-left:0\">Behind the scenes <\/h1>\n\n\n\n<h1 class=\"wp-block-heading\" style=\"padding-top:var(--wp--preset--spacing--70);padding-bottom:var(--wp--preset--spacing--50)\">Episode 1: The Making of the Film<\/h1>\n\n\n\n<div class=\"wp-block-group has-global-padding is-layout-constrained wp-block-group-is-layout-constrained\" style=\"border-style:none;border-width:0px;border-radius:10px\">\n<figure class=\"wp-block-embed is-type-video is-provider-youtube wp-block-embed-youtube wp-embed-aspect-16-9 wp-has-aspect-ratio\"><div class=\"wp-block-embed__wrapper\">\n<iframe loading=\"lazy\" title=\"Making-of BW \u00e9p 1 : La fabrication du film\" width=\"500\" height=\"281\" src=\"https:\/\/www.youtube.com\/embed\/aA7_bkMPncw?list=PLBKnfrxb1BMqAQ3mpeaz6GSSMTEnKRryz\" frameborder=\"0\" allow=\"accelerometer; autoplay; clipboard-write; encrypted-media; gyroscope; picture-in-picture; web-share\" referrerpolicy=\"strict-origin-when-cross-origin\" allowfullscreen><\/iframe>\n<\/div><\/figure>\n<\/div>\n\n\n\n<h1 class=\"wp-block-heading\" style=\"margin-top:var(--wp--preset--spacing--70);margin-bottom:var(--wp--preset--spacing--50)\">Episode 2: Voice-Over Recording<\/h1>\n\n\n\n<div class=\"wp-block-group has-global-padding is-layout-constrained wp-block-group-is-layout-constrained\" style=\"border-style:none;border-width:0px;border-radius:10px\">\n<figure class=\"wp-block-embed is-type-video is-provider-youtube wp-block-embed-youtube wp-embed-aspect-16-9 wp-has-aspect-ratio\"><div class=\"wp-block-embed__wrapper\">\n<iframe loading=\"lazy\" title=\"Making-of BW \u00e9p. 2 :  Enregistrement des voix off\" width=\"500\" height=\"281\" src=\"https:\/\/www.youtube.com\/embed\/7zCKh9Kxjn0?list=PLBKnfrxb1BMqAQ3mpeaz6GSSMTEnKRryz\" frameborder=\"0\" allow=\"accelerometer; autoplay; clipboard-write; encrypted-media; gyroscope; picture-in-picture; web-share\" referrerpolicy=\"strict-origin-when-cross-origin\" allowfullscreen><\/iframe>\n<\/div><\/figure>\n<\/div>\n\n\n\n<h1 class=\"wp-block-heading\" style=\"margin-top:var(--wp--preset--spacing--80);margin-bottom:var(--wp--preset--spacing--50)\">Episode 3: The Work of the accentus Choir<\/h1>\n\n\n\n<div class=\"wp-block-group has-global-padding is-layout-constrained wp-block-group-is-layout-constrained\" style=\"border-style:none;border-width:0px;border-radius:10px\">\n<figure class=\"wp-block-embed is-type-video is-provider-youtube wp-block-embed-youtube wp-embed-aspect-16-9 wp-has-aspect-ratio\"><div class=\"wp-block-embed__wrapper\">\n<iframe loading=\"lazy\" title=\"Making-of BW \u00e9p. 3 :  Le travail du ch\u0153ur accentus\" width=\"500\" height=\"281\" src=\"https:\/\/www.youtube.com\/embed\/34DXLdHNkHE?list=PLBKnfrxb1BMqAQ3mpeaz6GSSMTEnKRryz\" frameborder=\"0\" allow=\"accelerometer; autoplay; clipboard-write; encrypted-media; gyroscope; picture-in-picture; web-share\" referrerpolicy=\"strict-origin-when-cross-origin\" allowfullscreen><\/iframe>\n<\/div><\/figure>\n<\/div>\n\n\n\n<h1 class=\"wp-block-heading\" style=\"margin-top:var(--wp--preset--spacing--80);margin-bottom:var(--wp--preset--spacing--50)\">Episode 4: On Stage with Insula Orchestra and accentus<a href=\"https:\/\/www.youtube.com\/@InsulaOrchestra\"><\/a><\/h1>\n\n\n\n<div class=\"wp-block-group has-global-padding is-layout-constrained wp-block-group-is-layout-constrained\" style=\"border-style:none;border-width:0px;border-radius:10px\">\n<figure class=\"wp-block-embed is-type-video is-provider-youtube wp-block-embed-youtube wp-embed-aspect-16-9 wp-has-aspect-ratio\"><div class=\"wp-block-embed__wrapper\">\n<iframe loading=\"lazy\" title=\"Making-of BW \u00e9p. 4 : Sur sc\u00e8ne avec Insula orchestra et accentus\" width=\"500\" height=\"281\" src=\"https:\/\/www.youtube.com\/embed\/mJHksw2onG4?list=PLBKnfrxb1BMqAQ3mpeaz6GSSMTEnKRryz\" frameborder=\"0\" allow=\"accelerometer; autoplay; clipboard-write; encrypted-media; gyroscope; picture-in-picture; web-share\" referrerpolicy=\"strict-origin-when-cross-origin\" allowfullscreen><\/iframe>\n<\/div><\/figure>\n<\/div>\n\n\n\n<h1 class=\"wp-block-heading\" style=\"margin-top:var(--wp--preset--spacing--80);margin-bottom:var(--wp--preset--spacing--50)\">Episode 5: Premiere at La Seine Musicale<\/h1>\n\n\n\n<div class=\"wp-block-group has-global-padding is-layout-constrained wp-block-group-is-layout-constrained\" style=\"border-style:none;border-width:0px;border-radius:10px;margin-top:0;margin-bottom:var(--wp--preset--spacing--80)\">\n<figure class=\"wp-block-embed is-type-video is-provider-youtube wp-block-embed-youtube wp-embed-aspect-16-9 wp-has-aspect-ratio\" style=\"margin-top:0;margin-bottom:0\"><div class=\"wp-block-embed__wrapper\">\n<iframe loading=\"lazy\" title=\"Making-of BW \u00e9p. 5 : Premi\u00e8re \u00e0 La Seine Musicale\" width=\"500\" height=\"281\" src=\"https:\/\/www.youtube.com\/embed\/ICX2onA9nAs?list=PLBKnfrxb1BMqAQ3mpeaz6GSSMTEnKRryz\" frameborder=\"0\" allow=\"accelerometer; autoplay; clipboard-write; encrypted-media; gyroscope; picture-in-picture; web-share\" referrerpolicy=\"strict-origin-when-cross-origin\" allowfullscreen><\/iframe>\n<\/div><\/figure>\n<\/div>\n\n\n\n<div class=\"wp-block-buttons is-content-justification-center is-layout-flex wp-container-core-buttons-is-layout-a89b3969 wp-block-buttons-is-layout-flex\"><\/div>\n\n\n\n<p><\/p>\n\n\n<p><style>\nwp-block-button__link__ytb_wp-element-button{<br \/>\nbackground-color : #ffffff !important;<br \/>\n  color :#1a1a1a !important;<br \/>\n}<br \/>\nwp-block-button__link__ytb_wp-element-button:hover{<br \/>\nbackground-color : #34c1f0 !important;<br \/>\ncolor : #ffffff !important;<br \/>\nanimation-duration: 1.4s !important;<\/p>\n<p>}<br \/>\n<\/style>\n<\/p>\n\n\n<p><\/p>","protected":false},"excerpt":{"rendered":"<p>L&rsquo;envers du d\u00e9cord \u00e9pisode 1 :&nbsp;La fabrication du film \u00e9pisode 2 : Enregistrement des voix off \u00e9pisode 3 : &nbsp;Le travail du ch\u0153ur accentus \u00e9pisode 4 : \u00a0Sur sc\u00e8ne avec [&hellip;]<\/p>","protected":false},"author":1,"featured_media":0,"parent":0,"menu_order":0,"comment_status":"closed","ping_status":"closed","template":"","meta":{"_EventAllDay":false,"_EventTimezone":"","_EventStartDate":"","_EventEndDate":"","_EventStartDateUTC":"","_EventEndDateUTC":"","_EventShowMap":false,"_EventShowMapLink":false,"_EventURL":"","_EventCost":"","_EventCostDescription":"","_EventCurrencySymbol":"","_EventCurrencyCode":"","_EventCurrencyPosition":"","_EventDateTimeSeparator":"","_EventTimeRangeSeparator":"","_EventOrganizerID":[],"_EventVenueID":[],"_OrganizerEmail":"","_OrganizerPhone":"","_OrganizerWebsite":"","_VenueAddress":"","_VenueCity":"","_VenueCountry":"","_VenueProvince":"","_VenueState":"","_VenueZip":"","_VenuePhone":"","_VenueURL":"","_VenueStateProvince":"","_VenueLat":"","_VenueLng":"","_VenueShowMap":false,"_VenueShowMapLink":false,"footnotes":""},"class_list":["post-64","page","type-page","status-publish","hentry"],"_links":{"self":[{"href":"https:\/\/beethovenwars.com\/en\/wp-json\/wp\/v2\/pages\/64","targetHints":{"allow":["GET"]}}],"collection":[{"href":"https:\/\/beethovenwars.com\/en\/wp-json\/wp\/v2\/pages"}],"about":[{"href":"https:\/\/beethovenwars.com\/en\/wp-json\/wp\/v2\/types\/page"}],"author":[{"embeddable":true,"href":"https:\/\/beethovenwars.com\/en\/wp-json\/wp\/v2\/users\/1"}],"replies":[{"embeddable":true,"href":"https:\/\/beethovenwars.com\/en\/wp-json\/wp\/v2\/comments?post=64"}],"version-history":[{"count":17,"href":"https:\/\/beethovenwars.com\/en\/wp-json\/wp\/v2\/pages\/64\/revisions"}],"predecessor-version":[{"id":566,"href":"https:\/\/beethovenwars.com\/en\/wp-json\/wp\/v2\/pages\/64\/revisions\/566"}],"wp:attachment":[{"href":"https:\/\/beethovenwars.com\/en\/wp-json\/wp\/v2\/media?parent=64"}],"curies":[{"name":"wp","href":"https:\/\/api.w.org\/{rel}","templated":true}]}}