{"id":541,"date":"2025-07-22T15:27:33","date_gmt":"2025-07-22T13:27:33","guid":{"rendered":"https:\/\/beethovenwars.com\/?page_id=541"},"modified":"2025-07-30T18:08:03","modified_gmt":"2025-07-30T16:08:03","slug":"credit","status":"publish","type":"page","link":"https:\/\/beethovenwars.com\/en\/credit\/","title":{"rendered":"credit"},"content":{"rendered":"<p><\/p>\n\n\n<html>\n    <head>\n        <meta charset=\"UTF-8\">\n    <\/head>\n\n    <body>\n        \n        <div class=\"container\">\n            <div class=\"distrib_top\">\n                <div class=\"tp_left\">\n                    <div class=\"ppp\">\n                        <p><b> Compositeur :<\/b> Ludwig van Beethoven<\/p>\n                        <p><b>Direction musicale :<\/b> Laurence Equilbey<\/p>\n                    <\/div>\n                    <div class=\"ppp\">\n                        <p><b>Orchestre : <\/b> Insula orchestra<\/p>\n                        <p><b>Choeur :<\/b> Accentus<\/p>\n                    <\/div>\n                    <div class=\"ppp\">\n                        <p><b>R\u00e9alisation &#038; mise en sc\u00e8ne:<\/b> Antonin Baudry<\/p>\n                        <p><b>Co-mise en sc\u00e8ne :<\/b> Sandrine Lanno<\/p>\n                        <p><b>Cor\u00e9alisation :<\/b> Arthur Qwak<\/p>\n                    <\/div>\n                <\/div>\n\n                <div class=\"tp_right\">\n                    <div class=\"ppp\">\n                        <p><b>2D Studio :<\/b> Je suis bien content<\/p>\n                        <p><b>Composing,studio d&rsquo;animation,production :<\/b> Les Improductibles<\/p>\n                    <\/div>\n                    <div class=\"ppp\">\n                        <p><b>Sc\u00e9nario, dialogues : <\/b>Martin Quenehn, Arthur Qwak,Sandrine Lamo,Antonin Baudry &#038; Laurence Equilbey, \u00e0 partir des livrets du Roi Stephan et des Ruines d&rsquo;Ath\u00e8nes D&rsquo;August von Kotzebue (1811)<\/p>\n                    <\/div>\n                    \n                <\/div>\n            <\/div>\n\n          \n\n\n            <div class=\"distrib_bottom\">\n                <p><b>Producteur artistique:<\/b> Emilien Dessons<\/p>\n                <p><b>Producteur executif: <\/b>Jean-Baptiste Guione<\/p>\n            <\/div>\n             <div class=\"distrib_bottom\">\n                <p><b>Contact<\/b><\/p>\n                <p>Irina Biovir<\/p>\n                <p>i.biovir@insulaorchestra.fr<\/p>\n            <\/div>\n        <\/div>\n\n\n\n\n\n    <\/body>\n\n\n    <style>\n\n        @import url('https:\/\/fonts.googleapis.com\/css2?family=Inter:wght@300;400;500;600;700;800;900&display=swap');\n\n        :root{\n            --card: #1a1a2e;\n        }\n\n        *{\n            font-family: 'Inter', system-ui, -apple-system, sans-serif;\n\n        }\n\n        body{\n            width: 100%;\n            height: 80%;\n            padding: 0;\n            margin: 0;\n            display: flex;\n            justify-content: center;\n            align-items: center;\n            background-color: #ffffff;\n        }\n\n        .container{\n            width: 90%;\n            height: 100vh;\n            margin: 0;\n            padding: 0;\n            display: flex;\n            flex-direction: column;\n            gap: 40px;\n            margin-bottom: 120px;\n        }\n\n        .distrib_top{\n            flex: 2;\n            border-radius: 20px;\n            display: flex ;\n            flex-direction: row;\n            justify-content: space-between;\n            align-items: center;\n            gap: 50px;\n        }\n\n        .tp_left{\n            flex: 2;\n            background-color: var(--card);\n            border-radius: 20px;\n            height: 80%;\n            animation: slide_left 1s ease-out;\n            transition: all 0.5s ease;\n            display: flex;\n            flex-direction: column;\n            justify-content: center;\n            padding-left: 30px;\n            \n        }\n\n        .tp_left:hover{\n            transform: scale(1.1);\n            \n        }\n\n        .tp_right{\n            flex: 2;\n            background-color: var(--card);\n            border-radius: 20px;\n            height: 80%;\n            animation: slide_right 1s ease-out;\n            transition: all 0.5s ease;\n            display: flex;\n            flex-direction: column;\n            justify-content: center;\n            padding-left: 30px;\n        }\n        .tp_right:hover{\n            transform: scale(1.1);\n            }\n\n        .distrib_bottom{\n            flex: 1;\n            border-radius: 20px;\n            background-color: rgb(150, 127, 255);\n            animation: slide 1s ease-out;\n            color: #f8fafc;\n            display: flex;\n            flex-direction: column;\n            justify-content: center;\n            align-items: center;\n            transition: all 0.5s ease;\n            \n        }\n\n        .distrib_bottom:hover{\n            transform: scale(1.1);\n        }\n\n        .distrib_bottom p{\n            font-size: 25px;\n        }\n\n        .ppp{\n            color: #f8fafc;\n        }\n\n        @keyframes slide {\n            from{\n                opacity: 0;\n                transform: translateY(100%);\n            }\n            to{\n                opacity: 1;\n                transform: translateY(0);\n            }\n        }\n\n\n        @keyframes slide_right {\n            from{\n                opacity: 0;\n                transform: translateX(100%);\n            }\n            to{\n                opacity: 1;\n                transform: translateX(0);\n            }\n        }\n\n        @keyframes slide_left {\n            from{\n                opacity: 0;\n                transform: translateX(-100%);\n            }\n            to{\n                opacity: 1;\n                transform: translateX(0);\n            }\n        }\n\n    <\/style>\n\n\n<\/html>","protected":false},"excerpt":{"rendered":"<p>Compositeur : Ludwig van Beethoven Direction musicale : Laurence Equilbey Orchestre : Insula orchestra Choeur : Accentus R\u00e9alisation &#038; mise en sc\u00e8ne: Antonin Baudry Co-mise en sc\u00e8ne : Sandrine Lanno [&hellip;]<\/p>","protected":false},"author":1,"featured_media":0,"parent":0,"menu_order":0,"comment_status":"closed","ping_status":"closed","template":"","meta":{"_EventAllDay":false,"_EventTimezone":"","_EventStartDate":"","_EventEndDate":"","_EventStartDateUTC":"","_EventEndDateUTC":"","_EventShowMap":false,"_EventShowMapLink":false,"_EventURL":"","_EventCost":"","_EventCostDescription":"","_EventCurrencySymbol":"","_EventCurrencyCode":"","_EventCurrencyPosition":"","_EventDateTimeSeparator":"","_EventTimeRangeSeparator":"","_EventOrganizerID":[],"_EventVenueID":[],"_OrganizerEmail":"","_OrganizerPhone":"","_OrganizerWebsite":"","_VenueAddress":"","_VenueCity":"","_VenueCountry":"","_VenueProvince":"","_VenueState":"","_VenueZip":"","_VenuePhone":"","_VenueURL":"","_VenueStateProvince":"","_VenueLat":"","_VenueLng":"","_VenueShowMap":false,"_VenueShowMapLink":false,"footnotes":""},"class_list":["post-541","page","type-page","status-publish","hentry"],"_links":{"self":[{"href":"https:\/\/beethovenwars.com\/en\/wp-json\/wp\/v2\/pages\/541","targetHints":{"allow":["GET"]}}],"collection":[{"href":"https:\/\/beethovenwars.com\/en\/wp-json\/wp\/v2\/pages"}],"about":[{"href":"https:\/\/beethovenwars.com\/en\/wp-json\/wp\/v2\/types\/page"}],"author":[{"embeddable":true,"href":"https:\/\/beethovenwars.com\/en\/wp-json\/wp\/v2\/users\/1"}],"replies":[{"embeddable":true,"href":"https:\/\/beethovenwars.com\/en\/wp-json\/wp\/v2\/comments?post=541"}],"version-history":[{"count":12,"href":"https:\/\/beethovenwars.com\/en\/wp-json\/wp\/v2\/pages\/541\/revisions"}],"predecessor-version":[{"id":592,"href":"https:\/\/beethovenwars.com\/en\/wp-json\/wp\/v2\/pages\/541\/revisions\/592"}],"wp:attachment":[{"href":"https:\/\/beethovenwars.com\/en\/wp-json\/wp\/v2\/media?parent=541"}],"curies":[{"name":"wp","href":"https:\/\/api.w.org\/{rel}","templated":true}]}}